{"id":42,"date":"2020-01-21T17:25:26","date_gmt":"2020-01-21T17:25:26","guid":{"rendered":"https:\/\/calypsorefitprojects.wordpress.com\/?page_id=41"},"modified":"2024-10-29T09:44:22","modified_gmt":"2024-10-29T08:44:22","slug":"experience","status":"publish","type":"page","link":"https:\/\/yachttechnik.platen.de\/gb\/erfahrungen\/experience","title":{"rendered":"Reisen"},"content":{"rendered":"<p>Und gelegentlich \u2026<\/p>\n<p><img loading=\"lazy\" decoding=\"async\" class=\" size-full wp-image-499 aligncenter\" src=\"http:\/\/yachttechnik.platen.de\/wp-content\/uploads\/2020\/02\/wolke.jpg\" alt=\"wolke\" width=\"1210\" height=\"1613\" srcset=\"https:\/\/yachttechnik.platen.de\/wp-content\/uploads\/2020\/02\/wolke.jpg 1210w, https:\/\/yachttechnik.platen.de\/wp-content\/uploads\/2020\/02\/wolke-225x300.jpg 225w, https:\/\/yachttechnik.platen.de\/wp-content\/uploads\/2020\/02\/wolke-768x1024.jpg 768w, https:\/\/yachttechnik.platen.de\/wp-content\/uploads\/2020\/02\/wolke-1152x1536.jpg 1152w\" sizes=\"auto, (max-width: 1210px) 100vw, 1210px\" \/><\/p>\n<p>&#8230; auch kleine Einblicke in meine Segelerlebnisse:<\/p>\n<p>Mai\/Juni 2024 &#8211; <a href=\"https:\/\/yachttechnik.platen.de\/norwegen-2024-reisebericht\">S\u00fcdk\u00fcste Norwegen<\/a><\/p>\n<p>September 2023 &#8211; <a href=\"https:\/\/yachttechnik.platen.de\/von-der-bretagne-zurueck-an-die-ostsee\">von der Bretagne zur\u00fcck nach Cuxhaven<\/a><\/p>\n<p>April 2023 &#8211; <a href=\"https:\/\/yachttechnik.platen.de\/reisebericht-von-cuxhaven-nach-pornichet\">von Cuxhaven in die Bretagne<\/a><\/p>\n<p>September 2021 &#8211; <a href=\"https:\/\/youtu.be\/xu9zh01p014\" target=\"_blank\" rel=\"noopener\">Von R\u00fcgen nach S\u00fcdnorwegen<\/a><\/p>\n<p>Oktober 2017 &#8211; <a href=\"https:\/\/youtu.be\/ya8DzgFazeE\" target=\"_blank\" rel=\"noopener noreferrer\">Von R\u00fcgen nach Falsterbo<\/a><\/p>\n<p>August 2017 &#8211; <a href=\"https:\/\/youtu.be\/zxWsxrMn-g0\" target=\"_blank\" rel=\"noopener noreferrer\">Von Roenne nach Sassnitz<\/a><\/p>\n<p>August 2017 &#8211; <a href=\"https:\/\/youtu.be\/Yzn1RIMXNWo\" target=\"_blank\" rel=\"noopener noreferrer\">kontemplatives Kreuzen vor Karlskrona<\/a><\/p>\n<p>Juni 2017 &#8211; <a href=\"https:\/\/youtu.be\/jJ3bTu0nvdk\" target=\"_blank\" rel=\"noopener noreferrer\">Von Karlskrona \u00fcber die Han\u00f6bucht nach Ystad<\/a><\/p>\n","protected":false},"excerpt":{"rendered":"<p>Und gelegentlich \u2026 &#8230; auch kleine Einblicke in meine Segelerlebnisse: Mai\/Juni 2024 &#8211; S\u00fcdk\u00fcste Norwegen September 2023 &#8211; von der Bretagne zur\u00fcck nach Cuxhaven April 2023 &#8211; von Cuxhaven in die Bretagne September 2021 &#8211; Von R\u00fcgen nach S\u00fcdnorwegen Oktober 2017 &#8211; Von R\u00fcgen nach Falsterbo August 2017 &#8211; Von Roenne nach Sassnitz August 2017&#8230; <\/p>\n<div class=\"read-more navbutton\"><a href=\"https:\/\/yachttechnik.platen.de\/gb\/erfahrungen\/experience\">Read More<i class=\"fa fa-angle-double-right\"><\/i><\/a><\/div>\n","protected":false},"author":1,"featured_media":0,"parent":613,"menu_order":4,"comment_status":"open","ping_status":"closed","template":"","meta":{"footnotes":""},"class_list":["post-42","page","type-page","status-publish","hentry"],"translation":{"provider":"WPGlobus","version":"3.0.2","language":"gb","enabled_languages":["de","gb"],"languages":{"de":{"title":true,"content":true,"excerpt":false},"gb":{"title":false,"content":false,"excerpt":false}}},"_links":{"self":[{"href":"https:\/\/yachttechnik.platen.de\/gb\/wp-json\/wp\/v2\/pages\/42","targetHints":{"allow":["GET"]}}],"collection":[{"href":"https:\/\/yachttechnik.platen.de\/gb\/wp-json\/wp\/v2\/pages"}],"about":[{"href":"https:\/\/yachttechnik.platen.de\/gb\/wp-json\/wp\/v2\/types\/page"}],"author":[{"embeddable":true,"href":"https:\/\/yachttechnik.platen.de\/gb\/wp-json\/wp\/v2\/users\/1"}],"replies":[{"embeddable":true,"href":"https:\/\/yachttechnik.platen.de\/gb\/wp-json\/wp\/v2\/comments?post=42"}],"version-history":[{"count":13,"href":"https:\/\/yachttechnik.platen.de\/gb\/wp-json\/wp\/v2\/pages\/42\/revisions"}],"predecessor-version":[{"id":2511,"href":"https:\/\/yachttechnik.platen.de\/gb\/wp-json\/wp\/v2\/pages\/42\/revisions\/2511"}],"up":[{"embeddable":true,"href":"https:\/\/yachttechnik.platen.de\/gb\/wp-json\/wp\/v2\/pages\/613"}],"wp:attachment":[{"href":"https:\/\/yachttechnik.platen.de\/gb\/wp-json\/wp\/v2\/media?parent=42"}],"curies":[{"name":"wp","href":"https:\/\/api.w.org\/{rel}","templated":true}]}}